{"id":943,"date":"2024-06-19T23:40:55","date_gmt":"2024-06-19T23:40:55","guid":{"rendered":"https:\/\/newagelojistik.com\/teklif-formu\/"},"modified":"2026-03-29T15:09:12","modified_gmt":"2026-03-29T15:09:12","slug":"quote-form","status":"publish","type":"page","link":"https:\/\/newagelojistik.com\/en\/quote-form\/","title":{"rendered":"GET A QUOTE"},"content":{"rendered":"\n<div class=\"wp-block-uagb-container uagb-block-638cea8d alignfull uagb-is-root-container\"><div class=\"uagb-container-inner-blocks-wrap\">\n<div class=\"wp-block-uagb-advanced-heading uagb-block-93bc1610\"><h1 class=\"uagb-heading-text\">Quote Form<\/h1><p class=\"uagb-desc-text\">Getting the best quotes for your logistics needs is very easy. By filling out the form, you can receive detailed information and a price quote for our transportation and storage services. Our expert team is ready to respond to your requests promptly and provide tailored solutions for you.<\/p><\/div>\n<\/div><\/div>\n\n\n\n<div class=\"wp-block-uagb-container uagb-layout-flex uagb-block-e3f64c7e alignfull uagb-is-root-container\"><div class=\"uagb-container-inner-blocks-wrap\">\n<div class=\"wp-block-uagb-container uagb-block-6894ecb0\">\n<div class=\"wp-block-uagb-advanced-heading uagb-block-6d52272b\"><h3 class=\"uagb-heading-text\"><strong>Lojistik \u00c7\u00f6z\u00fcmlerinizde  <\/strong><br><strong>An\u0131nda Teklif Al\u0131n!<\/strong><\/h3><p class=\"uagb-desc-text\">Getting the best quotes for your logistics needs is very easy. By filling out the form below, you can receive detailed information and a price quote for our transportation and storage services. Our expert team is ready to respond to your requests promptly and provide tailored solutions for you.<\/p><\/div>\n\n\n\n<div class=\"wp-block-uagb-advanced-heading uagb-block-198a9567\"><h5 class=\"uagb-heading-text\">Phone: <a href=\"tel:+902163886661\">+90 216 388 6661<\/a><\/h5><\/div>\n\n\n\n<div class=\"wp-block-uagb-advanced-heading uagb-block-1a3ecec6\"><h5 class=\"uagb-heading-text\">Phone: <a href=\"tel:+902163880661\">+90 216 388 0661<\/a><\/h5><\/div>\n\n\n\n<div class=\"wp-block-uagb-advanced-heading uagb-block-4a47b3fe\"><h5 class=\"uagb-heading-text\">Whatsapp: <a href=\"https:\/\/wa.me\/+905398310553\">+90 539 831 05 53<\/a><\/h5><\/div>\n\n\n\n<div class=\"wp-block-uagb-advanced-heading uagb-block-970db449\"><h5 class=\"uagb-heading-text\">Email: <a href=\"mailto:info@newagelojistik.com\">info@newagelojistik.com<\/a><\/h5><\/div>\n<\/div>\n\n\n\n<div class=\"wp-block-uagb-container uagb-block-4fb2f0ca\">\n<div class=\"wp-block-uagb-forms uagb-forms__outer-wrap uagb-block-ca236747 uagb-forms__medium-btn\"><form class=\"uagb-forms-main-form\" method=\"post\" autocomplete=\"on\" name=\"uagb-form-ca236747\">\n<div class=\"wp-block-uagb-forms-name uagb-forms-name-wrap uagb-forms-field-set uagb-block-a480d510\"><div class=\"uagb-forms-name-label required uagb-forms-input-label\" id=\"a480d510\">Name &amp; Surname<\/div><input type=\"text\" placeholder=\"Name &amp; Surname\" required class=\"uagb-forms-name-input uagb-forms-input\" name=\"a480d510\" autocomplete=\"name\"\/><\/div>\n\n\n\n<div class=\"wp-block-uagb-forms-email uagb-forms-email-wrap uagb-forms-field-set uagb-block-ea2d10f3\"><div class=\"uagb-forms-email-label required uagb-forms-input-label\" id=\"ea2d10f3\">Email Address<\/div><input type=\"email\" class=\"uagb-forms-email-input uagb-forms-input\" placeholder=\"Email\" required name=\"ea2d10f3\" autocomplete=\"email\"\/><\/div>\n\n\n\n<div class=\"wp-block-uagb-forms-phone uagb-forms-phone-wrap uagb-forms-field-set uagb-block-80352e91\"><div class=\"uagb-forms-phone-label required uagb-forms-input-label\" id=\"80352e91\">Phone Number<\/div><div class=\"uagb-forms-phone-flex\"><select class=\"uagb-forms-input uagb-form-phone-country\" id=\"uagb-form-country-80352e91\" name=\"Phone Number[]\"><option value=\"+44\" selected>UK (+44)<\/option><option value=\"+1\">USA \/ Canada (+1)<\/option><option value=\"+213\">Algeria (+213)<\/option><option value=\"+376\">Andorra (+376)<\/option><option value=\"+244\">Angola (+244)<\/option><option value=\"+1264\">Anguilla (+1264)<\/option><option value=\"+1268\">Antigua &amp; Barbuda (+1268)<\/option><option value=\"+54\">Argentina (+54)<\/option><option value=\"+374\">Armenia (+374)<\/option><option value=\"+297\">Aruba (+297)<\/option><option value=\"+61\">Australia (+61)<\/option><option value=\"+43\">Austria (+43)<\/option><option value=\"+994\">Azerbaijan (+994)<\/option><option value=\"+1242\">Bahamas (+1242)<\/option><option value=\"+973\">Bahrain (+973)<\/option><option value=\"+880\">Bangladesh (+880)<\/option><option value=\"+1246\">Barbados (+1246)<\/option><option value=\"+375\">Belarus (+375)<\/option><option value=\"+32\">Belgium (+32)<\/option><option value=\"+501\">Belize (+501)<\/option><option value=\"+229\">Benin (+229)<\/option><option value=\"+1441\">Bermuda (+1441)<\/option><option value=\"+975\">Bhutan (+975)<\/option><option value=\"+591\">Bolivia (+591)<\/option><option value=\"+387\">Bosnia Herzegovina (+387)<\/option><option value=\"+267\">Botswana (+267)<\/option><option value=\"+55\">Brazil (+55)<\/option><option value=\"+673\">Brunei (+673)<\/option><option value=\"+359\">Bulgaria (+359)<\/option><option value=\"+226\">Burkina Faso (+226)<\/option><option value=\"+257\">Burundi (+257)<\/option><option value=\"+855\">Cambodia (+855)<\/option><option value=\"+237\">Cameroon (+237)<\/option><option value=\"+238\">Cape Verde Islands (+238)<\/option><option value=\"+1345\">Cayman Islands (+1345)<\/option><option value=\"+236\">Central African Republic (+236)<\/option><option value=\"+56\">Chile (+56)<\/option><option value=\"+86\">China (+86)<\/option><option value=\"+57\">Colombia (+57)<\/option><option value=\"+269\">Comoros (+269)<\/option><option value=\"+242\">Congo (+242)<\/option><option value=\"+682\">Cook Islands (+682)<\/option><option value=\"+506\">Costa Rica (+506)<\/option><option value=\"+385\">Croatia (+385)<\/option><option value=\"+53\">Cuba (+53)<\/option><option value=\"+90392\">Cyprus North (+90392)<\/option><option value=\"+357\">Cyprus South (+357)<\/option><option value=\"+420\">Czech Republic (+420)<\/option><option value=\"+45\">Denmark (+45)<\/option><option value=\"+253\">Djibouti (+253)<\/option><option value=\"+1809\">Dominica (+1809)<\/option><option value=\"+1809\">Dominican Republic (+1809)<\/option><option value=\"+593\">Ecuador (+593)<\/option><option value=\"+20\">Egypt (+20)<\/option><option value=\"+503\">El Salvador (+503)<\/option><option value=\"+240\">Equatorial Guinea (+240)<\/option><option value=\"+291\">Eritrea (+291)<\/option><option value=\"+372\">Estonia (+372)<\/option><option value=\"+251\">Ethiopia (+251)<\/option><option value=\"+500\">Falkland Islands (+500)<\/option><option value=\"+298\">Faroe Islands (+298)<\/option><option value=\"+679\">Fiji (+679)<\/option><option value=\"+358\">Finland (+358)<\/option><option value=\"+33\">France (+33)<\/option><option value=\"+594\">French Guiana (+594)<\/option><option value=\"+689\">French Polynesia (+689)<\/option><option value=\"+241\">Gabon (+241)<\/option><option value=\"+220\">Gambia (+220)<\/option><option value=\"+7880\">Georgia (+7880)<\/option><option value=\"+49\">Germany (+49)<\/option><option value=\"+233\">Ghana (+233)<\/option><option value=\"+350\">Gibraltar (+350)<\/option><option value=\"+30\">Greece (+30)<\/option><option value=\"+299\">Greenland (+299)<\/option><option value=\"+1473\">Grenada (+1473)<\/option><option value=\"+590\">Guadeloupe (+590)<\/option><option value=\"+671\">Guam (+671)<\/option><option value=\"+502\">Guatemala (+502)<\/option><option value=\"+224\">Guinea (+224)<\/option><option value=\"+245\">Guinea &#8211; Bissau (+245)<\/option><option value=\"+592\">Guyana (+592)<\/option><option value=\"+509\">Haiti (+509)<\/option><option value=\"+504\">Honduras (+504)<\/option><option value=\"+852\">Hong Kong (+852)<\/option><option value=\"+36\">Hungary (+36)<\/option><option value=\"+354\">Iceland (+354)<\/option><option value=\"+91\">India (+91)<\/option><option value=\"+62\">Indonesia (+62)<\/option><option value=\"+98\">Iran (+98)<\/option><option value=\"+964\">Iraq (+964)<\/option><option value=\"+353\">Ireland (+353)<\/option><option value=\"+972\">Israel (+972)<\/option><option value=\"+39\">Italy (+39)<\/option><option value=\"+1876\">Jamaica (+1876)<\/option><option value=\"+81\">Japan (+81)<\/option><option value=\"+962\">Jordan (+962)<\/option><option value=\"+7\">Kazakhstan (+7)<\/option><option value=\"+254\">Kenya (+254)<\/option><option value=\"+686\">Kiribati (+686)<\/option><option value=\"+850\">Korea North (+850)<\/option><option value=\"+82\">Korea South (+82)<\/option><option value=\"+965\">Kuwait (+965)<\/option><option value=\"+996\">Kyrgyzstan (+996)<\/option><option value=\"+856\">Laos (+856)<\/option><option value=\"+371\">Latvia (+371)<\/option><option value=\"+961\">Lebanon (+961)<\/option><option value=\"+266\">Lesotho (+266)<\/option><option value=\"+231\">Liberia (+231)<\/option><option value=\"+218\">Libya (+218)<\/option><option value=\"+417\">Liechtenstein (+417)<\/option><option value=\"+370\">Lithuania (+370)<\/option><option value=\"+352\">Luxembourg (+352)<\/option><option value=\"+853\">Macao (+853)<\/option><option value=\"+389\">Macedonia (+389)<\/option><option value=\"+261\">Madagascar (+261)<\/option><option value=\"+265\">Malawi (+265)<\/option><option value=\"+60\">Malaysia (+60)<\/option><option value=\"+960\">Maldives (+960)<\/option><option value=\"+223\">Mali (+223)<\/option><option value=\"+356\">Malta (+356)<\/option><option value=\"+692\">Marshall Islands (+692)<\/option><option value=\"+596\">Martinique (+596)<\/option><option value=\"+222\">Mauritania (+222)<\/option><option value=\"+269\">Mayotte (+269)<\/option><option value=\"+52\">Mexico (+52)<\/option><option value=\"+691\">Micronesia (+691)<\/option><option value=\"+373\">Moldova (+373)<\/option><option value=\"+377\">Monaco (+377)<\/option><option value=\"+976\">Mongolia (+976)<\/option><option value=\"+1664\">Montserrat (+1664)<\/option><option value=\"+212\">Morocco (+212)<\/option><option value=\"+258\">Mozambique (+258)<\/option><option value=\"+95\">Myanmar (+95)<\/option><option value=\"+264\">Namibia (+264)<\/option><option value=\"+674\">Nauru (+674)<\/option><option value=\"+977\">Nepal (+977)<\/option><option value=\"+31\">Netherlands (+31)<\/option><option value=\"+687\">New Caledonia (+687)<\/option><option value=\"+64\">New Zealand (+64)<\/option><option value=\"+505\">Nicaragua (+505)<\/option><option value=\"+227\">Niger (+227)<\/option><option value=\"+234\">Nigeria (+234)<\/option><option value=\"+683\">Niue (+683)<\/option><option value=\"+672\">Norfolk Islands (+672)<\/option><option value=\"+670\">Northern Marianas (+670)<\/option><option value=\"+47\">Norway (+47)<\/option><option value=\"+968\">Oman (+968)<\/option><option value=\"+680\">Palau (+680)<\/option><option value=\"+507\">Panama (+507)<\/option><option value=\"+675\">Papua New Guinea (+675)<\/option><option value=\"+595\">Paraguay (+595)<\/option><option value=\"+51\">Peru (+51)<\/option><option value=\"+63\">Philippines (+63)<\/option><option value=\"+48\">Poland (+48)<\/option><option value=\"+351\">Portugal (+351)<\/option><option value=\"+1787\">Puerto Rico (+1787)<\/option><option value=\"+974\">Qatar (+974)<\/option><option value=\"+262\">Reunion (+262)<\/option><option value=\"+40\">Romania (+40)<\/option><option value=\"+7\">Russia (+7)<\/option><option value=\"+250\">Rwanda (+250)<\/option><option value=\"+378\">San Marino (+378)<\/option><option value=\"+239\">Sao Tome &amp; Principe (+239)<\/option><option value=\"+966\">Saudi Arabia (+966)<\/option><option value=\"+221\">Senegal (+221)<\/option><option value=\"+381\">Serbia (+381)<\/option><option value=\"+248\">Seychelles (+248)<\/option><option value=\"+232\">Sierra Leone (+232)<\/option><option value=\"+65\">Singapore (+65)<\/option><option value=\"+421\">Slovak Republic (+421)<\/option><option value=\"+386\">Slovenia (+386)<\/option><option value=\"+677\">Solomon Islands (+677)<\/option><option value=\"+252\">Somalia (+252)<\/option><option value=\"+27\">South Africa (+27)<\/option><option value=\"+34\">Spain (+34)<\/option><option value=\"+94\">Sri Lanka (+94)<\/option><option value=\"+290\">St. Helena (+290)<\/option><option value=\"+1869\">St. Kitts (+1869)<\/option><option value=\"+1758\">St. Lucia (+1758)<\/option><option value=\"+249\">Sudan (+249)<\/option><option value=\"+597\">Suriname (+597)<\/option><option value=\"+268\">Swaziland (+268)<\/option><option value=\"+46\">Sweden (+46)<\/option><option value=\"+41\">Switzerland (+41)<\/option><option value=\"+963\">Syria (+963)<\/option><option value=\"+886\">Taiwan (+886)<\/option><option value=\"+7\">Tajikstan (+7)<\/option><option value=\"+66\">Thailand (+66)<\/option><option value=\"+228\">Togo (+228)<\/option><option value=\"+676\">Tonga (+676)<\/option><option value=\"+1868\">Trinidad &amp; Tobago (+1868)<\/option><option value=\"+216\">Tunisia (+216)<\/option><option value=\"+90\">Turkey (+90)<\/option><option value=\"+7\">Turkmenistan (+7)<\/option><option value=\"+993\">Turkmenistan (+993)<\/option><option value=\"+1649\">Turks &amp; Caicos Islands (+1649)<\/option><option value=\"+688\">Tuvalu (+688)<\/option><option value=\"+256\">Uganda (+256)<\/option><option value=\"+380\">Ukraine (+380)<\/option><option value=\"+971\">United Arab Emirates (+971)<\/option><option value=\"+598\">Uruguay (+598)<\/option><option value=\"+7\">Uzbekistan (+7)<\/option><option value=\"+678\">Vanuatu (+678)<\/option><option value=\"+379\">Vatican City (+379)<\/option><option value=\"+58\">Venezuela (+58)<\/option><option value=\"+84\">Vietnam (+84)<\/option><option value=\"+84\">Virgin Islands &#8211; British (+1284)<\/option><option value=\"+84\">Virgin Islands &#8211; US (+1340)<\/option><option value=\"+681\">Wallis &amp; Futuna (+681)<\/option><option value=\"+969\">Yemen (North)(+969)<\/option><option value=\"+967\">Yemen (South)(+967)<\/option><option value=\"+260\">Zambia (+260)<\/option><option value=\"+263\">Zimbabwe (+263)<\/option><\/select><input type=\"tel\" placeholder=\"123 456 7890\" pattern=\"[0-9]{3}s?[0-9]{3}s?[0-9]{4}\" required class=\"uagb-forms-phone-input uagb-forms-input\" name=\"Phone Number[]\" autocomplete=\"tel-national\"\/><\/div><\/div>\n\n\n\n<div class=\"wp-block-uagb-forms-name uagb-forms-name-wrap uagb-forms-field-set uagb-block-026679c5\"><div class=\"uagb-forms-name-label  uagb-forms-input-label\" id=\"026679c5\">Loading Country<\/div><input type=\"text\" placeholder=\"Please enter the loading country. Example: Vienna\" class=\"uagb-forms-name-input uagb-forms-input\" name=\"026679c5\" autocomplete=\"off\"\/><\/div>\n\n\n\n<div class=\"wp-block-uagb-forms-name uagb-forms-name-wrap uagb-forms-field-set uagb-block-7d6eb8c1\"><div class=\"uagb-forms-name-label  uagb-forms-input-label\" id=\"7d6eb8c1\">Loading Country Postal Code<\/div><input type=\"text\" placeholder=\"Please enter the postal code of the loading country. Example: 1300\" class=\"uagb-forms-name-input uagb-forms-input\" name=\"7d6eb8c1\" autocomplete=\"off\"\/><\/div>\n\n\n\n<div class=\"wp-block-uagb-forms-name uagb-forms-name-wrap uagb-forms-field-set uagb-block-1397ed7a\"><div class=\"uagb-forms-name-label  uagb-forms-input-label\" id=\"1397ed7a\">Destination Customs<\/div><input type=\"text\" placeholder=\"Please enter the destination customs. Example: Vienna Customs\" class=\"uagb-forms-name-input uagb-forms-input\" name=\"1397ed7a\" autocomplete=\"off\"\/><\/div>\n\n\n\n<div class=\"wp-block-uagb-forms-name uagb-forms-name-wrap uagb-forms-field-set uagb-block-11d100b9\"><div class=\"uagb-forms-name-label  uagb-forms-input-label\" id=\"11d100b9\">Destination Warehouse<\/div><input type=\"text\" placeholder=\"Please enter the destination warehouse. Example: Vienna\" class=\"uagb-forms-name-input uagb-forms-input\" name=\"11d100b9\" autocomplete=\"off\"\/><\/div>\n\n\n\n<div class=\"wp-block-uagb-forms-name uagb-forms-name-wrap uagb-forms-field-set uagb-block-903b80f0\"><div class=\"uagb-forms-name-label  uagb-forms-input-label\" id=\"903b80f0\">Container<\/div><input type=\"text\" placeholder=\"Please enter the container details. Example: 10cm\" class=\"uagb-forms-name-input uagb-forms-input\" name=\"903b80f0\" autocomplete=\"off\"\/><\/div>\n\n\n\n<div class=\"wp-block-uagb-forms-name uagb-forms-name-wrap uagb-forms-field-set uagb-block-e3d1ed7d\"><div class=\"uagb-forms-name-label  uagb-forms-input-label\" id=\"e3d1ed7d\">Weight<\/div><input type=\"text\" placeholder=\"Please enter the weight. Example: 10 kg\" class=\"uagb-forms-name-input uagb-forms-input\" name=\"e3d1ed7d\" autocomplete=\"off\"\/><\/div>\n\n\n\n<div class=\"wp-block-uagb-forms-name uagb-forms-name-wrap uagb-forms-field-set uagb-block-399d3d01\"><div class=\"uagb-forms-name-label  uagb-forms-input-label\" id=\"399d3d01\">Dimensions<\/div><input type=\"text\" placeholder=\"Please enter the dimensions. Example: 10x100x20cm\" class=\"uagb-forms-name-input uagb-forms-input\" name=\"399d3d01\" autocomplete=\"off\"\/><\/div>\n\n\n\n<div class=\"wp-block-uagb-forms-name uagb-forms-name-wrap uagb-forms-field-set uagb-block-b5b19036\"><div class=\"uagb-forms-name-label  uagb-forms-input-label\" id=\"b5b19036\">Origin<\/div><input type=\"text\" placeholder=\"Please enter the origin details. Example: Vienna\" class=\"uagb-forms-name-input uagb-forms-input\" name=\"b5b19036\" autocomplete=\"off\"\/><\/div>\n\n\n\n<div class=\"wp-block-uagb-forms-textarea uagb-forms-textarea-wrap uagb-forms-field-set uagb-block-6d2ff891\"><div class=\"uagb-forms-textarea-label  uagb-forms-input-label\" id=\"6d2ff891\">Additional Information<\/div><textarea class=\"uagb-forms-textarea-input uagb-forms-input\" rows=\"3\" placeholder=\"Please enter any additional information you would like to add.\" name=\"6d2ff891\" autocomplete=\"off\"><\/textarea><\/div>\n<div class=\"uagb-forms-form-hidden-data\"><input type=\"hidden\" id=\"g-recaptcha-response\" class=\"uagb-forms-recaptcha\"\/><input type=\"hidden\" class=\"uagb_forms_form_label\" value=\"TeklifFormu\"\/><input type=\"hidden\" class=\"uagb_forms_form_id\" value=\"uagb-form-ca236747\"\/><\/div><div class=\"uagb-form-reacaptcha-error-ca236747\"><\/div><div class=\"uagb-forms-main-submit-button-wrap wp-block-button\"><button class=\"uagb-forms-main-submit-button wp-block-button__link\"><div class=\"uagb-forms-main-submit-button-text\">Submit<\/div><\/button><\/div><\/form><div class=\"uagb-forms-success-message-ca236747 uagb-forms-submit-message-hide\"><span>Thank you, your quote form has been received. Our team will contact you as soon as possible.<\/span><\/div><div class=\"uagb-forms-failed-message-ca236747 uagb-forms-submit-message-hide\"><span>There were some errors while submitting the form. Please validate all form fields again.<\/span><\/div><\/div>\n<\/div>\n<\/div><\/div>\n\n\n\n<div class=\"wp-block-uagb-container uagb-block-8609109f alignfull uagb-is-root-container\"><div class=\"uagb-container-inner-blocks-wrap\">\n<div class=\"wp-block-uagb-info-box uagb-block-1657298f uagb-infobox__content-wrap  uagb-infobox-icon-above-title uagb-infobox-image-valign-top\"><div class=\"uagb-ifb-content\"><div class=\"uagb-ifb-title-wrap\"><h2 class=\"uagb-ifb-title\">Instant and Easy Communication<\/h2><\/div><p class=\"uagb-ifb-desc\">Reach us instantly via WhatsApp for your questions and logistics needs. Our expert team is ready to provide quick solutions and immediate support. Simplify your communication with NewAge Logistics.<\/p><div class=\"uagb-ifb-button-wrapper wp-block-button\"><a href=\"https:\/\/wa.me\/+905398310553\" class=\"uagb-infobox-cta-link wp-block-button__link\" target=\"_self\" rel=\"noopener noreferrer\" onclick=\"return true;\"><svg xmlns=\"https:\/\/www.w3.org\/2000\/svg\" viewBox=\"0 0 448 512\"><path d=\"M380.9 97.1C339 55.1 283.2 32 223.9 32c-122.4 0-222 99.6-222 222 0 39.1 10.2 77.3 29.6 111L0 480l117.7-30.9c32.4 17.7 68.9 27 106.1 27h.1c122.3 0 224.1-99.6 224.1-222 0-59.3-25.2-115-67.1-157zm-157 341.6c-33.2 0-65.7-8.9-94-25.7l-6.7-4-69.8 18.3L72 359.2l-4.4-7c-18.5-29.4-28.2-63.3-28.2-98.2 0-101.7 82.8-184.5 184.6-184.5 49.3 0 95.6 19.2 130.4 54.1 34.8 34.9 56.2 81.2 56.1 130.5 0 101.8-84.9 184.6-186.6 184.6zm101.2-138.2c-5.5-2.8-32.8-16.2-37.9-18-5.1-1.9-8.8-2.8-12.5 2.8-3.7 5.6-14.3 18-17.6 21.8-3.2 3.7-6.5 4.2-12 1.4-32.6-16.3-54-29.1-75.5-66-5.7-9.8 5.7-9.1 16.3-30.3 1.8-3.7 .9-6.9-.5-9.7-1.4-2.8-12.5-30.1-17.1-41.2-4.5-10.8-9.1-9.3-12.5-9.5-3.2-.2-6.9-.2-10.6-.2-3.7 0-9.7 1.4-14.8 6.9-5.1 5.6-19.4 19-19.4 46.3 0 27.3 19.9 53.7 22.6 57.4 2.8 3.7 39.1 59.7 94.8 83.8 35.2 15.2 49 16.5 66.6 13.9 10.7-1.6 32.8-13.4 37.4-26.4 4.6-13 4.6-24.1 3.2-26.4-1.3-2.5-5-3.9-10.5-6.6z\"><\/path><\/svg><span class=\"uagb-inline-editing\">WHATSAPP<\/span><\/a><\/div><\/div><\/div>\n<\/div><\/div>\n","protected":false},"excerpt":{"rendered":"<p>Quote Form Getting the best quotes for your logistics needs is very easy. By filling out the form, you can receive detailed information and a price quote for our transportation and storage services. Our expert team is ready to respond to your requests promptly and provide tailored solutions for you. Lojistik \u00c7\u00f6z\u00fcmlerinizde An\u0131nda Teklif Al\u0131n! [&hellip;]<\/p>\n","protected":false},"author":1,"featured_media":0,"parent":0,"menu_order":0,"comment_status":"closed","ping_status":"closed","template":"","meta":{"_uag_custom_page_level_css":"","site-sidebar-layout":"no-sidebar","site-content-layout":"","ast-site-content-layout":"default","site-content-style":"default","site-sidebar-style":"default","ast-global-header-display":"","ast-banner-title-visibility":"disabled","ast-main-header-display":"","ast-hfb-above-header-display":"","ast-hfb-below-header-display":"","ast-hfb-mobile-header-display":"","site-post-title":"","ast-breadcrumbs-content":"","ast-featured-img":"","footer-sml-layout":"","ast-disable-related-posts":"","theme-transparent-header-meta":"enabled","adv-header-id-meta":"","stick-header-meta":"","header-above-stick-meta":"","header-main-stick-meta":"","header-below-stick-meta":"","astra-migrate-meta-layouts":"set","ast-page-background-enabled":"default","ast-page-background-meta":{"desktop":{"background-color":"var(--ast-global-color-4)","background-image":"","background-repeat":"repeat","background-position":"center center","background-size":"auto","background-attachment":"scroll","background-type":"","background-media":"","overlay-type":"","overlay-color":"","overlay-opacity":"","overlay-gradient":""},"tablet":{"background-color":"","background-image":"","background-repeat":"repeat","background-position":"center center","background-size":"auto","background-attachment":"scroll","background-type":"","background-media":"","overlay-type":"","overlay-color":"","overlay-opacity":"","overlay-gradient":""},"mobile":{"background-color":"","background-image":"","background-repeat":"repeat","background-position":"center center","background-size":"auto","background-attachment":"scroll","background-type":"","background-media":"","overlay-type":"","overlay-color":"","overlay-opacity":"","overlay-gradient":""}},"ast-content-background-meta":{"desktop":{"background-color":"var(--ast-global-color-5)","background-image":"","background-repeat":"repeat","background-position":"center center","background-size":"auto","background-attachment":"scroll","background-type":"","background-media":"","overlay-type":"","overlay-color":"","overlay-opacity":"","overlay-gradient":""},"tablet":{"background-color":"var(--ast-global-color-5)","background-image":"","background-repeat":"repeat","background-position":"center center","background-size":"auto","background-attachment":"scroll","background-type":"","background-media":"","overlay-type":"","overlay-color":"","overlay-opacity":"","overlay-gradient":""},"mobile":{"background-color":"var(--ast-global-color-5)","background-image":"","background-repeat":"repeat","background-position":"center center","background-size":"auto","background-attachment":"scroll","background-type":"","background-media":"","overlay-type":"","overlay-color":"","overlay-opacity":"","overlay-gradient":""}},"footnotes":""},"class_list":["post-943","page","type-page","status-publish","hentry"],"uagb_featured_image_src":{"full":false,"thumbnail":false,"medium":false,"medium_large":false,"large":false,"1536x1536":false,"2048x2048":false},"uagb_author_info":{"display_name":"66New","author_link":"https:\/\/newagelojistik.com\/en\/author\/66new\/"},"uagb_comment_info":0,"uagb_excerpt":"Quote Form Getting the best quotes for your logistics needs is very easy. By filling out the form, you can receive detailed information and a price quote for our transportation and storage services. Our expert team is ready to respond to your requests promptly and provide tailored solutions for you. Lojistik \u00c7\u00f6z\u00fcmlerinizde An\u0131nda Teklif Al\u0131n!&hellip;","_links":{"self":[{"href":"https:\/\/newagelojistik.com\/en\/wp-json\/wp\/v2\/pages\/943","targetHints":{"allow":["GET"]}}],"collection":[{"href":"https:\/\/newagelojistik.com\/en\/wp-json\/wp\/v2\/pages"}],"about":[{"href":"https:\/\/newagelojistik.com\/en\/wp-json\/wp\/v2\/types\/page"}],"author":[{"embeddable":true,"href":"https:\/\/newagelojistik.com\/en\/wp-json\/wp\/v2\/users\/1"}],"replies":[{"embeddable":true,"href":"https:\/\/newagelojistik.com\/en\/wp-json\/wp\/v2\/comments?post=943"}],"version-history":[{"count":14,"href":"https:\/\/newagelojistik.com\/en\/wp-json\/wp\/v2\/pages\/943\/revisions"}],"predecessor-version":[{"id":1055,"href":"https:\/\/newagelojistik.com\/en\/wp-json\/wp\/v2\/pages\/943\/revisions\/1055"}],"wp:attachment":[{"href":"https:\/\/newagelojistik.com\/en\/wp-json\/wp\/v2\/media?parent=943"}],"curies":[{"name":"wp","href":"https:\/\/api.w.org\/{rel}","templated":true}]}}